{"id":54,"date":"2018-07-05T07:18:46","date_gmt":"2018-07-05T05:18:46","guid":{"rendered":"http:\/\/wordpress.rrc-kaufering.de\/?page_id=54"},"modified":"2025-06-04T18:48:42","modified_gmt":"2025-06-04T16:48:42","slug":"impressum","status":"publish","type":"page","link":"https:\/\/www.rrc-kaufering.de\/?page_id=54","title":{"rendered":"Impressum"},"content":{"rendered":"\n<p>VfL Kaufering e.V. &#8211; Abteilung Tanzen<br>\n86916 Kaufering<\/p>\n\n\n\n<p>E-Mail: <a href=\"mailto:tanzen@vflkaufering.de\">tanzen@vflkaufering.de<\/a><\/p>\n\n\n\n<p>Inhaltlich Verantwortlicher gem\u00e4\u00df \u00a7 55 Abs. 2 RStV:<br>\nAbteilung Tanzen im VFL Kaufering<br>\nAbteilungsleiterin: Sieglinde Landmann<\/p>\n\n\n\n<p>Haftungshinweis:<br>\nTrotz sorgf\u00e4ltiger inhaltlicher Kontrolle \u00fcbernehmen wir keine Haftung f\u00fcr die Inhalte externer Links. F\u00fcr den Inhalt der verlinkten Seiten sind ausschlie\u00dflich deren Betreiber verantwortlich.<\/p>\n\n\n\n<p>Copyright:<br>\nS\u00e4mtliche Texte und Grafiken in dieser Website unterliegen &#8211; so nicht anders gekennzeichnet &#8211; dem Copyright des VfL Kaufering. Jegliche Vervielf\u00e4ltigung, Verbreitung, Speicherung und Weitergabe ohne schriftliche Genehmigung durch den VfL Kaufering ist ausdr\u00fccklich untersagt.<\/p>\n","protected":false},"excerpt":{"rendered":"<p>VfL Kaufering e.V. &#8211; Abteilung Tanzen 86916 Kaufering E-Mail: tanzen@vflkaufering.de Inhaltlich Verantwortlicher gem\u00e4\u00df \u00a7 55 Abs. 2 RStV: Abteilung Tanzen im VFL Kaufering Abteilungsleiterin: Sieglinde Landmann Haftungshinweis: Trotz sorgf\u00e4ltiger inhaltlicher Kontrolle \u00fcbernehmen wir keine Haftung f\u00fcr die Inhalte externer Links. F\u00fcr den Inhalt der verlinkten Seiten sind ausschlie\u00dflich deren Betreiber verantwortlich. Copyright: S\u00e4mtliche Texte und [&hellip;]<\/p>\n","protected":false},"author":1,"featured_media":0,"parent":0,"menu_order":0,"comment_status":"closed","ping_status":"closed","template":"","meta":{"footnotes":""},"class_list":["post-54","page","type-page","status-publish","hentry"],"_links":{"self":[{"href":"https:\/\/www.rrc-kaufering.de\/index.php?rest_route=\/wp\/v2\/pages\/54","targetHints":{"allow":["GET"]}}],"collection":[{"href":"https:\/\/www.rrc-kaufering.de\/index.php?rest_route=\/wp\/v2\/pages"}],"about":[{"href":"https:\/\/www.rrc-kaufering.de\/index.php?rest_route=\/wp\/v2\/types\/page"}],"author":[{"embeddable":true,"href":"https:\/\/www.rrc-kaufering.de\/index.php?rest_route=\/wp\/v2\/users\/1"}],"replies":[{"embeddable":true,"href":"https:\/\/www.rrc-kaufering.de\/index.php?rest_route=%2Fwp%2Fv2%2Fcomments&post=54"}],"version-history":[{"count":8,"href":"https:\/\/www.rrc-kaufering.de\/index.php?rest_route=\/wp\/v2\/pages\/54\/revisions"}],"predecessor-version":[{"id":502,"href":"https:\/\/www.rrc-kaufering.de\/index.php?rest_route=\/wp\/v2\/pages\/54\/revisions\/502"}],"wp:attachment":[{"href":"https:\/\/www.rrc-kaufering.de\/index.php?rest_route=%2Fwp%2Fv2%2Fmedia&parent=54"}],"curies":[{"name":"wp","href":"https:\/\/api.w.org\/{rel}","templated":true}]}}